{"id":1594,"date":"2026-02-15T23:32:36","date_gmt":"2026-02-15T20:32:36","guid":{"rendered":"https:\/\/anaya.simplyit.africa\/?page_id=1594"},"modified":"2026-03-09T08:29:50","modified_gmt":"2026-03-09T05:29:50","slug":"polityka-prywatnosci","status":"publish","type":"page","link":"https:\/\/zanzibar.kappasenses.com\/pl\/privacy-policy\/","title":{"rendered":"Polityka prywatno\u015bci"},"content":{"rendered":"<div data-elementor-type=\"wp-page\" data-elementor-id=\"1594\" class=\"elementor elementor-1594\" data-elementor-post-type=\"page\">\n\t\t\t\t<div class=\"elementor-element elementor-element-de9b6ee e-con-full e-flex e-con e-parent\" data-id=\"de9b6ee\" data-element_type=\"container\" data-e-type=\"container\" data-settings=\"{&quot;background_background&quot;:&quot;classic&quot;}\">\n\t\t<div class=\"elementor-element elementor-element-c93d9cf e-con-full e-flex e-con e-child\" data-id=\"c93d9cf\" data-element_type=\"container\" data-e-type=\"container\">\n\t\t<div class=\"elementor-element elementor-element-5f3c1cf e-con-full e-flex e-con e-child\" data-id=\"5f3c1cf\" data-element_type=\"container\" data-e-type=\"container\" data-settings=\"{&quot;background_background&quot;:&quot;classic&quot;}\">\n\t\t<div class=\"elementor-element elementor-element-2edb055 e-con-full e-flex e-con e-child\" data-id=\"2edb055\" data-element_type=\"container\" data-e-type=\"container\" data-settings=\"{&quot;background_background&quot;:&quot;classic&quot;}\">\n\t\t\t\t<div class=\"elementor-element elementor-element-1af0e2a de_scroll_animation_no elementor-invisible elementor-widget elementor-widget-heading\" data-id=\"1af0e2a\" data-element_type=\"widget\" data-e-type=\"widget\" data-settings=\"{&quot;_animation&quot;:&quot;fadeIn&quot;}\" data-widget_type=\"heading.default\">\n\t\t\t\t\t<h2 class=\"elementor-heading-title elementor-size-default\">Polityka prywatno\u015bci<\/h2>\t\t\t\t<\/div>\n\t\t\t\t<div class=\"elementor-element elementor-element-b9f2b5d elementor-icon-list--layout-inline elementor-align-center elementor-list-item-link-full_width de_scroll_animation_no elementor-invisible elementor-widget elementor-widget-icon-list\" data-id=\"b9f2b5d\" data-element_type=\"widget\" data-e-type=\"widget\" data-settings=\"{&quot;_animation&quot;:&quot;fadeIn&quot;,&quot;_animation_delay&quot;:200}\" data-widget_type=\"icon-list.default\">\n\t\t\t\t\t\t\t<ul class=\"elementor-icon-list-items elementor-inline-items\">\n\t\t\t\t\t\t\t<li class=\"elementor-icon-list-item elementor-inline-item\">\n\t\t\t\t\t\t\t\t\t\t\t<a href=\"#\">\n\n\t\t\t\t\t\t\t\t\t\t\t<span class=\"elementor-icon-list-text\">Dom<\/span>\n\t\t\t\t\t\t\t\t\t\t\t<\/a>\n\t\t\t\t\t\t\t\t\t<\/li>\n\t\t\t\t\t\t\t\t<li class=\"elementor-icon-list-item elementor-inline-item\">\n\t\t\t\t\t\t\t\t\t\t\t<span class=\"elementor-icon-list-icon\">\n\t\t\t\t\t\t\t<i aria-hidden=\"true\" class=\"icon icon-right-arrow1\"><\/i>\t\t\t\t\t\t<\/span>\n\t\t\t\t\t\t\t\t\t\t<span class=\"elementor-icon-list-text\">O<\/span>\n\t\t\t\t\t\t\t\t\t<\/li>\n\t\t\t\t\t\t<\/ul>\n\t\t\t\t\t\t<\/div>\n\t\t\t\t<\/div>\n\t\t\t\t<\/div>\n\t\t\t\t<\/div>\n\t\t\t\t<\/div>\n\t\t\t\t<section class=\"elementor-section elementor-top-section elementor-element elementor-element-6ad46b23 elementor-section-boxed elementor-section-height-default elementor-section-height-default\" data-id=\"6ad46b23\" data-element_type=\"section\" data-e-type=\"section\" data-settings=\"{&quot;background_background&quot;:&quot;classic&quot;}\">\n\t\t\t\t\t\t<div class=\"elementor-container elementor-column-gap-default\">\n\t\t\t\t\t<div class=\"elementor-column elementor-col-100 elementor-top-column elementor-element elementor-element-25c2565e\" data-id=\"25c2565e\" data-element_type=\"column\" data-e-type=\"column\">\n\t\t\t<div class=\"elementor-widget-wrap elementor-element-populated\">\n\t\t\t\t\t\t<div class=\"elementor-element elementor-element-45b3d63c de_scroll_animation_no elementor-invisible elementor-widget elementor-widget-text-editor\" data-id=\"45b3d63c\" data-element_type=\"widget\" data-e-type=\"widget\" data-settings=\"{&quot;_animation&quot;:&quot;fadeIn&quot;}\" data-widget_type=\"text-editor.default\">\n\t\t\t\t\t\t\t\t\t<p><i><span style=\"font-weight: 400;\">Data wej\u015bcia w \u017cycie 16 czerwca 2026 r.<\/span><\/i><\/p>\t\t\t\t\t\t\t\t<\/div>\n\t\t\t\t<div class=\"elementor-element elementor-element-20ec5728 de_scroll_animation_no elementor-invisible elementor-widget elementor-widget-heading\" data-id=\"20ec5728\" data-element_type=\"widget\" data-e-type=\"widget\" data-settings=\"{&quot;_animation&quot;:&quot;fadeIn&quot;,&quot;_animation_delay&quot;:200}\" data-widget_type=\"heading.default\">\n\t\t\t\t\t<h2 class=\"elementor-heading-title elementor-size-default\">Kappa Senses Zanzibar \u2013 Polityka prywatno\u015bci<\/h2>\t\t\t\t<\/div>\n\t\t\t\t<section class=\"elementor-section elementor-inner-section elementor-element elementor-element-501eb540 elementor-section-boxed elementor-section-height-default elementor-section-height-default\" data-id=\"501eb540\" data-element_type=\"section\" data-e-type=\"section\">\n\t\t\t\t\t\t<div class=\"elementor-container elementor-column-gap-default\">\n\t\t\t\t\t<div class=\"elementor-column elementor-col-100 elementor-inner-column elementor-element elementor-element-5836f4a9\" data-id=\"5836f4a9\" data-element_type=\"column\" data-e-type=\"column\">\n\t\t\t<div class=\"elementor-widget-wrap elementor-element-populated\">\n\t\t\t\t\t\t<div class=\"elementor-element elementor-element-65e9fb21 de_scroll_animation_no elementor-widget elementor-widget-text-editor\" data-id=\"65e9fb21\" data-element_type=\"widget\" data-e-type=\"widget\" data-widget_type=\"text-editor.default\">\n\t\t\t\t\t\t\t\t\t<h2><b>1. Administrator danych<\/b><\/h2><p><span style=\"font-weight: 400;\">Kappa Zanzibar<\/span><span style=\"font-weight: 400;\"><br \/><\/span><span style=\"font-weight: 400;\">Pwani Mchangani, Zanzibar, Tanzania<\/span><span style=\"font-weight: 400;\"><br \/><\/span><span style=\"font-weight: 400;\">Adres e-mail: reservations.zanzibar@kappasenses.com<\/span><span style=\"font-weight: 400;\"><br \/><\/span><span style=\"font-weight: 400;\">Telefon: +255 000000000<\/span><\/p><h2><b>2. Informacje, kt\u00f3re zbieramy<\/b><\/h2><p><span style=\"font-weight: 400;\">Mo\u017cemy zbiera\u0107 dane osobowe, w tym:<\/span><span style=\"font-weight: 400;\"><br \/><\/span><span style=\"font-weight: 400;\">\u2013 Imi\u0119 i nazwisko<\/span><span style=\"font-weight: 400;\"><br \/><\/span><span style=\"font-weight: 400;\">\u2013 Adres e-mail<\/span><span style=\"font-weight: 400;\"><br \/><\/span><span style=\"font-weight: 400;\">\u2013 Numer telefonu<\/span><span style=\"font-weight: 400;\"><br \/><\/span><span style=\"font-weight: 400;\">\u2013 Narodowo\u015b\u0107 i kraj zamieszkania<\/span><span style=\"font-weight: 400;\"><br \/><\/span><span style=\"font-weight: 400;\">\u2013 Szczeg\u00f3\u0142y rezerwacji i pobytu<\/span><span style=\"font-weight: 400;\"><br \/><\/span><span style=\"font-weight: 400;\">\u2013 Informacje o p\u0142atno\u015bci (przetwarzane za po\u015brednictwem bezpiecznej bramki p\u0142atniczej innej firmy)<\/span><span style=\"font-weight: 400;\"><br \/><\/span><span style=\"font-weight: 400;\">\u2013 Adres IP i informacje o przegl\u0105darce<\/span><span style=\"font-weight: 400;\"><br \/><\/span><span style=\"font-weight: 400;\">\u2013 Preferencje marketingowe (w przypadku wyra\u017cenia zgody)<\/span><\/p><h2><b>3. Cel przetwarzania<\/b><\/h2><p><span style=\"font-weight: 400;\">Twoje dane s\u0105 zbierane i przetwarzane w nast\u0119puj\u0105cych celach:<\/span><span style=\"font-weight: 400;\"><br \/><\/span><span style=\"font-weight: 400;\">\u2013 Zarz\u0105dzanie rezerwacjami i realizacja um\u00f3w<\/span><span style=\"font-weight: 400;\"><br \/><\/span><span style=\"font-weight: 400;\">\u2013 Komunikacja przed przyjazdem i do\u015bwiadczenia go\u015bci<\/span><span style=\"font-weight: 400;\"><br \/><\/span><span style=\"font-weight: 400;\">\u2013 Wymagania operacyjne i dotycz\u0105ce \u015bwiadczenia us\u0142ug<\/span><span style=\"font-weight: 400;\"><br \/><\/span><span style=\"font-weight: 400;\">\u2013 Zgodno\u015b\u0107 z obowi\u0105zkami prawnymi i regulacyjnymi<\/span><span style=\"font-weight: 400;\"><br \/><\/span><span style=\"font-weight: 400;\">\u2013 Komunikacja marketingowa (tylko w przypadku wyra\u017cenia wyra\u017anej zgody)<\/span><\/p><h2><b>4. Podstawa prawna (dla rezydent\u00f3w UE)<\/b><\/h2><p><span style=\"font-weight: 400;\">W zakresie, w jakim ma to zastosowanie na mocy RODO, przetwarzamy dane osobowe na podstawie:<\/span><span style=\"font-weight: 400;\"><br \/><\/span><span style=\"font-weight: 400;\">\u2013 Konieczno\u015b\u0107 umowna<\/span><span style=\"font-weight: 400;\"><br \/><\/span><span style=\"font-weight: 400;\">\u2013 Obowi\u0105zek prawny<\/span><span style=\"font-weight: 400;\"><br \/><\/span><span style=\"font-weight: 400;\">\u2013 Uzasadniony interes biznesowy<\/span><span style=\"font-weight: 400;\"><br \/><\/span><span style=\"font-weight: 400;\">\u2013 Wyra\u017ana zgoda (na marketing)<\/span><\/p><h2><b>5. Udost\u0119pnianie danych i dostawcy us\u0142ug<\/b><\/h2><p><span style=\"font-weight: 400;\">Dane osobowe mog\u0105 by\u0107 udost\u0119pniane zaufanym dostawcom us\u0142ug, w tym:<\/span><span style=\"font-weight: 400;\"><br \/><\/span><span style=\"font-weight: 400;\">\u2013 System zarz\u0105dzania nieruchomo\u015bciami (OPERA PMS)<\/span><span style=\"font-weight: 400;\"><br \/><\/span><span style=\"font-weight: 400;\">\u2013 Mened\u017cer kana\u0142\u00f3w (RateGain)<\/span><span style=\"font-weight: 400;\"><br \/><\/span><span style=\"font-weight: 400;\">\u2013 Dostawca systemu rezerwacyjnego<\/span><span style=\"font-weight: 400;\"><br \/><\/span><span style=\"font-weight: 400;\">\u2013 Dostawca bezpiecznej bramki p\u0142atniczej<\/span><span style=\"font-weight: 400;\"><br \/><\/span><span style=\"font-weight: 400;\">\u2013 Dostawcy us\u0142ug informatycznych i hostingowych<\/span><span style=\"font-weight: 400;\"><br \/><\/span><span style=\"font-weight: 400;\">\u2013 Platformy dystrybucji OTA<\/span><span style=\"font-weight: 400;\"><br \/><\/span><span style=\"font-weight: 400;\"><br \/><\/span><span style=\"font-weight: 400;\">Wszyscy partnerzy s\u0105 zobowi\u0105zani do przestrzegania rygorystycznych standard\u00f3w ochrony danych.<\/span><\/p><h2><b>6. Przechowywanie danych<\/b><\/h2><p><span style=\"font-weight: 400;\">Dane osobowe s\u0105 przechowywane:<\/span><span style=\"font-weight: 400;\"><br \/><\/span><span style=\"font-weight: 400;\">\u2013 Przez czas niezb\u0119dny do realizacji zobowi\u0105za\u0144 rezerwacyjnych i us\u0142ugowych<\/span><span style=\"font-weight: 400;\"><br \/><\/span><span style=\"font-weight: 400;\">\u2013 Zgodnie z wymogami przepis\u00f3w dotycz\u0105cych rachunkowo\u015bci i zgodno\u015bci z przepisami prawnymi<\/span><span style=\"font-weight: 400;\"><br \/><\/span><span style=\"font-weight: 400;\">\u2013 Do cel\u00f3w marketingowych do momentu cofni\u0119cia zgody<\/span><\/p><h2><b>7. Twoje prawa<\/b><\/h2><p><span style=\"font-weight: 400;\">Go\u015bcie i u\u017cytkownicy serwisu maj\u0105 prawo do:<\/span><span style=\"font-weight: 400;\"><br \/><\/span><span style=\"font-weight: 400;\">\u2013 Dost\u0119p do swoich danych osobowych<\/span><span style=\"font-weight: 400;\"><br \/><\/span><span style=\"font-weight: 400;\">\u2013 Popro\u015b o korekt\u0119<\/span><span style=\"font-weight: 400;\"><br \/><\/span><span style=\"font-weight: 400;\">\u2013 \u017b\u0105danie usuni\u0119cia<\/span><span style=\"font-weight: 400;\"><br \/><\/span><span style=\"font-weight: 400;\">\u2013 Ogranicz przetwarzanie<\/span><span style=\"font-weight: 400;\"><br \/><\/span><span style=\"font-weight: 400;\">\u2013 Cofnij zgod\u0119 w dowolnym momencie<\/span><span style=\"font-weight: 400;\"><br \/><\/span><span style=\"font-weight: 400;\">\u2013 Z\u0142\u00f3\u017c skarg\u0119 do organu nadzorczego (dla mieszka\u0144c\u00f3w UE)<\/span><span style=\"font-weight: 400;\"><br \/><\/span><span style=\"font-weight: 400;\"><br \/><\/span><span style=\"font-weight: 400;\">Pro\u015bby mo\u017cna kierowa\u0107 do:<\/span><span style=\"font-weight: 400;\"><br \/><\/span><span style=\"font-weight: 400;\">reservations.zanzibar@anayahotelsandresorts.com<\/span><\/p><h2><b>8. Pliki cookie i \u015bledzenie witryny<\/b><\/h2><p><span style=\"font-weight: 400;\">Nasza strona internetowa wykorzystuje pliki cookie w celu zwi\u0119kszenia komfortu u\u017cytkowania i analizy wydajno\u015bci witryny.<\/span><span style=\"font-weight: 400;\"><br \/><\/span><span style=\"font-weight: 400;\"><br \/><\/span><span style=\"font-weight: 400;\">U\u017cywamy:<\/span><span style=\"font-weight: 400;\"><br \/><\/span><span style=\"font-weight: 400;\">\u2013 Niezb\u0119dne pliki cookie (wymagane do funkcjonowania witryny)<\/span><span style=\"font-weight: 400;\"><br \/><\/span><span style=\"font-weight: 400;\">\u2013 Pliki cookie analityczne (takie jak Google Analytics)<\/span><span style=\"font-weight: 400;\"><br \/><\/span><span style=\"font-weight: 400;\"><br \/><\/span><span style=\"font-weight: 400;\">U\u017cytkownicy mog\u0105 zaakceptowa\u0107 lub odrzuci\u0107 pliki cookie, kt\u00f3re nie s\u0105 niezb\u0119dne, korzystaj\u0105c z naszego baneru zgody na pliki cookie.<\/span><\/p><h2><b>9. Bezpiecze\u0144stwo danych<\/b><\/h2><p><span style=\"font-weight: 400;\">Wdra\u017camy odpowiednie zabezpieczenia techniczne i organizacyjne, w tym:<\/span><span style=\"font-weight: 400;\"><br \/><\/span><span style=\"font-weight: 400;\">\u2013 Szyfrowanie SSL (HTTPS)<\/span><span style=\"font-weight: 400;\"><br \/><\/span><span style=\"font-weight: 400;\">\u2013 Bezpieczne przetwarzanie p\u0142atno\u015bci<\/span><span style=\"font-weight: 400;\"><br \/><\/span><span style=\"font-weight: 400;\">\u2013 Ograniczony wewn\u0119trzny dost\u0119p do danych osobowych<\/span><span style=\"font-weight: 400;\"><br \/><\/span><span style=\"font-weight: 400;\">\u2013 Regularne monitorowanie systemu<\/span><\/p><h2><b>10. Aktualizacje polityki<\/b><\/h2><p><span style=\"font-weight: 400;\">Niniejsza Polityka Prywatno\u015bci mo\u017ce by\u0107 okresowo aktualizowana. Najnowsza wersja b\u0119dzie zawsze publikowana na naszej stronie internetowej.<\/span><\/p>\t\t\t\t\t\t\t\t<\/div>\n\t\t\t\t\t<\/div>\n\t\t<\/div>\n\t\t\t\t\t<\/div>\n\t\t<\/section>\n\t\t\t\t\t<\/div>\n\t\t<\/div>\n\t\t\t\t\t<\/div>\n\t\t<\/section>\n\t\t\t\t<section class=\"elementor-section elementor-top-section elementor-element elementor-element-58c89ae3 elementor-section-boxed elementor-section-height-default elementor-section-height-default\" data-id=\"58c89ae3\" data-element_type=\"section\" data-e-type=\"section\" data-settings=\"{&quot;background_background&quot;:&quot;classic&quot;}\">\n\t\t\t\t\t\t<div class=\"elementor-container elementor-column-gap-default\">\n\t\t\t\t\t<div class=\"elementor-column elementor-col-100 elementor-top-column elementor-element elementor-element-46a55b5a\" data-id=\"46a55b5a\" data-element_type=\"column\" data-e-type=\"column\">\n\t\t\t<div class=\"elementor-widget-wrap elementor-element-populated\">\n\t\t\t\t\t\t<div class=\"elementor-element elementor-element-358205b de_scroll_animation_no elementor-invisible elementor-widget elementor-widget-text-editor\" data-id=\"358205b\" data-element_type=\"widget\" data-e-type=\"widget\" data-settings=\"{&quot;_animation&quot;:&quot;fadeIn&quot;}\" data-widget_type=\"text-editor.default\">\n\t\t\t\t\t\t\t\t\t<p>Biuletyn<\/p>\t\t\t\t\t\t\t\t<\/div>\n\t\t\t\t<div class=\"elementor-element elementor-element-77be8f6 de_scroll_animation_no elementor-invisible elementor-widget elementor-widget-heading\" data-id=\"77be8f6\" data-element_type=\"widget\" data-e-type=\"widget\" data-settings=\"{&quot;_animation&quot;:&quot;fadeIn&quot;,&quot;_animation_delay&quot;:200}\" data-widget_type=\"heading.default\">\n\t\t\t\t\t<h2 class=\"elementor-heading-title elementor-size-default\">Zapisz si\u0119 do naszego newslettera<\/h2>\t\t\t\t<\/div>\n\t\t\t\t<div class=\"elementor-element elementor-element-41cc7ae ekit_wpForms_container-form-button-custom de_scroll_animation_no elementor-invisible elementor-widget elementor-widget-elementskit-wp-forms\" data-id=\"41cc7ae\" data-element_type=\"widget\" data-e-type=\"widget\" data-settings=\"{&quot;_animation&quot;:&quot;fadeIn&quot;,&quot;_animation_delay&quot;:400}\" data-widget_type=\"elementskit-wp-forms.default\">\n\t\t\t\t<div class=\"elementor-widget-container\">\n\t\t\t\t\t<div class=\"ekit-wid-con ekit_wpForms_container\"><\/div>\t\t\t\t<\/div>\n\t\t\t\t<\/div>\n\t\t\t\t\t<\/div>\n\t\t<\/div>\n\t\t\t\t\t<\/div>\n\t\t<\/section>\n\t\t\t\t<\/div>","protected":false},"excerpt":{"rendered":"<p>Privacy Policy Home About Effective Date 16 June 2026 Kappa Senses Zanzibar \u2013 Privacy Policy 1. Data Controller Kappa ZanzibarPwani Mchangani, Zanzibar, TanzaniaEmail: reservations.zanzibar@kappasenses.comTelephone: +255 000000000 2. Information We Collect We may collect personal information including:&#8211; Full name&#8211; Email address&#8211; Telephone number&#8211; Nationality and country of residence&#8211; Reservation and stay details&#8211; Payment information (processed via [&hellip;]<\/p>\n","protected":false},"author":2,"featured_media":0,"parent":0,"menu_order":0,"comment_status":"closed","ping_status":"closed","template":"elementor_header_footer","meta":{"footnotes":""},"class_list":["post-1594","page","type-page","status-publish","hentry"],"yoast_head":"<!-- This site is optimized with the Yoast SEO plugin v27.3 - https:\/\/yoast.com\/product\/yoast-seo-wordpress\/ -->\n<title>Privacy Policy - Kappa Senses<\/title>\n<meta name=\"robots\" content=\"index, follow, max-snippet:-1, max-image-preview:large, max-video-preview:-1\" \/>\n<link rel=\"canonical\" href=\"https:\/\/zanzibar.kappasenses.com\/pl\/polityka-prywatnosci\/\" \/>\n<meta property=\"og:locale\" content=\"pl_PL\" \/>\n<meta property=\"og:type\" content=\"article\" \/>\n<meta property=\"og:title\" content=\"Privacy Policy - Kappa Senses\" \/>\n<meta property=\"og:description\" content=\"Privacy Policy Home About Effective Date 16 June 2026 Kappa Senses Zanzibar \u2013 Privacy Policy 1. Data Controller Kappa ZanzibarPwani Mchangani, Zanzibar, TanzaniaEmail: reservations.zanzibar@kappasenses.comTelephone: +255 000000000 2. Information We Collect We may collect personal information including:&#8211; Full name&#8211; Email address&#8211; Telephone number&#8211; Nationality and country of residence&#8211; Reservation and stay details&#8211; Payment information (processed via [&hellip;]\" \/>\n<meta property=\"og:url\" content=\"https:\/\/zanzibar.kappasenses.com\/pl\/polityka-prywatnosci\/\" \/>\n<meta property=\"og:site_name\" content=\"Kappa Senses\" \/>\n<meta property=\"article:publisher\" content=\"https:\/\/www.facebook.com\/p\/Kappa-Senses-Zanzibar-61586539921577\" \/>\n<meta property=\"article:modified_time\" content=\"2026-03-09T05:29:50+00:00\" \/>\n<meta name=\"twitter:card\" content=\"summary_large_image\" \/>\n<script type=\"application\/ld+json\" class=\"yoast-schema-graph\">{\"@context\":\"https:\\\/\\\/schema.org\",\"@graph\":[{\"@type\":\"WebPage\",\"@id\":\"https:\\\/\\\/zanzibar.kappasenses.com\\\/privacy-policy\\\/\",\"url\":\"https:\\\/\\\/zanzibar.kappasenses.com\\\/privacy-policy\\\/\",\"name\":\"Privacy Policy - Kappa Senses\",\"isPartOf\":{\"@id\":\"https:\\\/\\\/zanzibar.kappasenses.com\\\/#website\"},\"datePublished\":\"2026-02-15T20:32:36+00:00\",\"dateModified\":\"2026-03-09T05:29:50+00:00\",\"breadcrumb\":{\"@id\":\"https:\\\/\\\/zanzibar.kappasenses.com\\\/privacy-policy\\\/#breadcrumb\"},\"inLanguage\":\"pl-PL\",\"potentialAction\":[{\"@type\":\"ReadAction\",\"target\":[\"https:\\\/\\\/zanzibar.kappasenses.com\\\/privacy-policy\\\/\"]}]},{\"@type\":\"BreadcrumbList\",\"@id\":\"https:\\\/\\\/zanzibar.kappasenses.com\\\/privacy-policy\\\/#breadcrumb\",\"itemListElement\":[{\"@type\":\"ListItem\",\"position\":1,\"name\":\"Home\",\"item\":\"https:\\\/\\\/zanzibar.kappasenses.com\\\/\"},{\"@type\":\"ListItem\",\"position\":2,\"name\":\"Privacy Policy\"}]},{\"@type\":\"WebSite\",\"@id\":\"https:\\\/\\\/zanzibar.kappasenses.com\\\/#website\",\"url\":\"https:\\\/\\\/zanzibar.kappasenses.com\\\/\",\"name\":\"Kappa Senses Zanzibar\",\"description\":\"\",\"publisher\":{\"@id\":\"https:\\\/\\\/zanzibar.kappasenses.com\\\/#organization\"},\"potentialAction\":[{\"@type\":\"SearchAction\",\"target\":{\"@type\":\"EntryPoint\",\"urlTemplate\":\"https:\\\/\\\/zanzibar.kappasenses.com\\\/?s={search_term_string}\"},\"query-input\":{\"@type\":\"PropertyValueSpecification\",\"valueRequired\":true,\"valueName\":\"search_term_string\"}}],\"inLanguage\":\"pl-PL\"},{\"@type\":\"Organization\",\"@id\":\"https:\\\/\\\/zanzibar.kappasenses.com\\\/#organization\",\"name\":\"Kappa Senses Zanzibar 5* Hotel\",\"alternateName\":\"Kappa Senses Zanzibar\",\"url\":\"https:\\\/\\\/zanzibar.kappasenses.com\\\/\",\"logo\":{\"@type\":\"ImageObject\",\"inLanguage\":\"pl-PL\",\"@id\":\"https:\\\/\\\/zanzibar.kappasenses.com\\\/#\\\/schema\\\/logo\\\/image\\\/\",\"url\":\"https:\\\/\\\/zanzibar.kappasenses.com\\\/wp-content\\\/uploads\\\/2026\\\/01\\\/logo_kappa_senses_z.png\",\"contentUrl\":\"https:\\\/\\\/zanzibar.kappasenses.com\\\/wp-content\\\/uploads\\\/2026\\\/01\\\/logo_kappa_senses_z.png\",\"width\":1601,\"height\":1421,\"caption\":\"Kappa Senses Zanzibar 5* Hotel\"},\"image\":{\"@id\":\"https:\\\/\\\/zanzibar.kappasenses.com\\\/#\\\/schema\\\/logo\\\/image\\\/\"},\"sameAs\":[\"https:\\\/\\\/www.facebook.com\\\/p\\\/Kappa-Senses-Zanzibar-61586539921577\"]}]}<\/script>\n<!-- \/ Yoast SEO plugin. -->","yoast_head_json":{"title":"Polityka prywatno\u015bci \u2013 Kappa Senses","robots":{"index":"index","follow":"follow","max-snippet":"max-snippet:-1","max-image-preview":"max-image-preview:large","max-video-preview":"max-video-preview:-1"},"canonical":"https:\/\/zanzibar.kappasenses.com\/pl\/polityka-prywatnosci\/","og_locale":"pl_PL","og_type":"article","og_title":"Privacy Policy - Kappa Senses","og_description":"Privacy Policy Home About Effective Date 16 June 2026 Kappa Senses Zanzibar \u2013 Privacy Policy 1. Data Controller Kappa ZanzibarPwani Mchangani, Zanzibar, TanzaniaEmail: reservations.zanzibar@kappasenses.comTelephone: +255 000000000 2. Information We Collect We may collect personal information including:&#8211; Full name&#8211; Email address&#8211; Telephone number&#8211; Nationality and country of residence&#8211; Reservation and stay details&#8211; Payment information (processed via [&hellip;]","og_url":"https:\/\/zanzibar.kappasenses.com\/pl\/polityka-prywatnosci\/","og_site_name":"Kappa Senses","article_publisher":"https:\/\/www.facebook.com\/p\/Kappa-Senses-Zanzibar-61586539921577","article_modified_time":"2026-03-09T05:29:50+00:00","twitter_card":"summary_large_image","schema":{"@context":"https:\/\/schema.org","@graph":[{"@type":"WebPage","@id":"https:\/\/zanzibar.kappasenses.com\/privacy-policy\/","url":"https:\/\/zanzibar.kappasenses.com\/privacy-policy\/","name":"Polityka prywatno\u015bci \u2013 Kappa Senses","isPartOf":{"@id":"https:\/\/zanzibar.kappasenses.com\/#website"},"datePublished":"2026-02-15T20:32:36+00:00","dateModified":"2026-03-09T05:29:50+00:00","breadcrumb":{"@id":"https:\/\/zanzibar.kappasenses.com\/privacy-policy\/#breadcrumb"},"inLanguage":"pl-PL","potentialAction":[{"@type":"ReadAction","target":["https:\/\/zanzibar.kappasenses.com\/privacy-policy\/"]}]},{"@type":"BreadcrumbList","@id":"https:\/\/zanzibar.kappasenses.com\/privacy-policy\/#breadcrumb","itemListElement":[{"@type":"ListItem","position":1,"name":"Home","item":"https:\/\/zanzibar.kappasenses.com\/"},{"@type":"ListItem","position":2,"name":"Privacy Policy"}]},{"@type":"WebSite","@id":"https:\/\/zanzibar.kappasenses.com\/#website","url":"https:\/\/zanzibar.kappasenses.com\/","name":"Kappa Senses Zanzibar","description":"","publisher":{"@id":"https:\/\/zanzibar.kappasenses.com\/#organization"},"potentialAction":[{"@type":"SearchAction","target":{"@type":"EntryPoint","urlTemplate":"https:\/\/zanzibar.kappasenses.com\/?s={search_term_string}"},"query-input":{"@type":"PropertyValueSpecification","valueRequired":true,"valueName":"search_term_string"}}],"inLanguage":"pl-PL"},{"@type":"Organization","@id":"https:\/\/zanzibar.kappasenses.com\/#organization","name":"Hotel Kappa Senses Zanzibar 5*","alternateName":"Kappa Senses Zanzibar","url":"https:\/\/zanzibar.kappasenses.com\/","logo":{"@type":"ImageObject","inLanguage":"pl-PL","@id":"https:\/\/zanzibar.kappasenses.com\/#\/schema\/logo\/image\/","url":"https:\/\/zanzibar.kappasenses.com\/wp-content\/uploads\/2026\/01\/logo_kappa_senses_z.png","contentUrl":"https:\/\/zanzibar.kappasenses.com\/wp-content\/uploads\/2026\/01\/logo_kappa_senses_z.png","width":1601,"height":1421,"caption":"Kappa Senses Zanzibar 5* Hotel"},"image":{"@id":"https:\/\/zanzibar.kappasenses.com\/#\/schema\/logo\/image\/"},"sameAs":["https:\/\/www.facebook.com\/p\/Kappa-Senses-Zanzibar-61586539921577"]}]}},"_links":{"self":[{"href":"https:\/\/zanzibar.kappasenses.com\/pl\/wp-json\/wp\/v2\/pages\/1594","targetHints":{"allow":["GET"]}}],"collection":[{"href":"https:\/\/zanzibar.kappasenses.com\/pl\/wp-json\/wp\/v2\/pages"}],"about":[{"href":"https:\/\/zanzibar.kappasenses.com\/pl\/wp-json\/wp\/v2\/types\/page"}],"author":[{"embeddable":true,"href":"https:\/\/zanzibar.kappasenses.com\/pl\/wp-json\/wp\/v2\/users\/2"}],"replies":[{"embeddable":true,"href":"https:\/\/zanzibar.kappasenses.com\/pl\/wp-json\/wp\/v2\/comments?post=1594"}],"version-history":[{"count":5,"href":"https:\/\/zanzibar.kappasenses.com\/pl\/wp-json\/wp\/v2\/pages\/1594\/revisions"}],"predecessor-version":[{"id":3580,"href":"https:\/\/zanzibar.kappasenses.com\/pl\/wp-json\/wp\/v2\/pages\/1594\/revisions\/3580"}],"wp:attachment":[{"href":"https:\/\/zanzibar.kappasenses.com\/pl\/wp-json\/wp\/v2\/media?parent=1594"}],"curies":[{"name":"wp","href":"https:\/\/api.w.org\/{rel}","templated":true}]}}