{"id":1594,"date":"2026-02-15T23:32:36","date_gmt":"2026-02-15T20:32:36","guid":{"rendered":"https:\/\/anaya.simplyit.africa\/?page_id=1594"},"modified":"2026-03-09T08:29:50","modified_gmt":"2026-03-09T05:29:50","slug":"politica-de-privacidad","status":"publish","type":"page","link":"https:\/\/zanzibar.kappasenses.com\/es\/privacy-policy\/","title":{"rendered":"pol\u00edtica de privacidad"},"content":{"rendered":"<div data-elementor-type=\"wp-page\" data-elementor-id=\"1594\" class=\"elementor elementor-1594\" data-elementor-post-type=\"page\">\n\t\t\t\t<div class=\"elementor-element elementor-element-de9b6ee e-con-full e-flex e-con e-parent\" data-id=\"de9b6ee\" data-element_type=\"container\" data-e-type=\"container\" data-settings=\"{&quot;background_background&quot;:&quot;classic&quot;}\">\n\t\t<div class=\"elementor-element elementor-element-c93d9cf e-con-full e-flex e-con e-child\" data-id=\"c93d9cf\" data-element_type=\"container\" data-e-type=\"container\">\n\t\t<div class=\"elementor-element elementor-element-5f3c1cf e-con-full e-flex e-con e-child\" data-id=\"5f3c1cf\" data-element_type=\"container\" data-e-type=\"container\" data-settings=\"{&quot;background_background&quot;:&quot;classic&quot;}\">\n\t\t<div class=\"elementor-element elementor-element-2edb055 e-con-full e-flex e-con e-child\" data-id=\"2edb055\" data-element_type=\"container\" data-e-type=\"container\" data-settings=\"{&quot;background_background&quot;:&quot;classic&quot;}\">\n\t\t\t\t<div class=\"elementor-element elementor-element-1af0e2a de_scroll_animation_no elementor-invisible elementor-widget elementor-widget-heading\" data-id=\"1af0e2a\" data-element_type=\"widget\" data-e-type=\"widget\" data-settings=\"{&quot;_animation&quot;:&quot;fadeIn&quot;}\" data-widget_type=\"heading.default\">\n\t\t\t\t\t<h2 class=\"elementor-heading-title elementor-size-default\">pol\u00edtica de privacidad<\/h2>\t\t\t\t<\/div>\n\t\t\t\t<div class=\"elementor-element elementor-element-b9f2b5d elementor-icon-list--layout-inline elementor-align-center elementor-list-item-link-full_width de_scroll_animation_no elementor-invisible elementor-widget elementor-widget-icon-list\" data-id=\"b9f2b5d\" data-element_type=\"widget\" data-e-type=\"widget\" data-settings=\"{&quot;_animation&quot;:&quot;fadeIn&quot;,&quot;_animation_delay&quot;:200}\" data-widget_type=\"icon-list.default\">\n\t\t\t\t\t\t\t<ul class=\"elementor-icon-list-items elementor-inline-items\">\n\t\t\t\t\t\t\t<li class=\"elementor-icon-list-item elementor-inline-item\">\n\t\t\t\t\t\t\t\t\t\t\t<a href=\"#\">\n\n\t\t\t\t\t\t\t\t\t\t\t<span class=\"elementor-icon-list-text\">Hogar<\/span>\n\t\t\t\t\t\t\t\t\t\t\t<\/a>\n\t\t\t\t\t\t\t\t\t<\/li>\n\t\t\t\t\t\t\t\t<li class=\"elementor-icon-list-item elementor-inline-item\">\n\t\t\t\t\t\t\t\t\t\t\t<span class=\"elementor-icon-list-icon\">\n\t\t\t\t\t\t\t<i aria-hidden=\"true\" class=\"icon icon-right-arrow1\"><\/i>\t\t\t\t\t\t<\/span>\n\t\t\t\t\t\t\t\t\t\t<span class=\"elementor-icon-list-text\">Acerca de<\/span>\n\t\t\t\t\t\t\t\t\t<\/li>\n\t\t\t\t\t\t<\/ul>\n\t\t\t\t\t\t<\/div>\n\t\t\t\t<\/div>\n\t\t\t\t<\/div>\n\t\t\t\t<\/div>\n\t\t\t\t<\/div>\n\t\t\t\t<section class=\"elementor-section elementor-top-section elementor-element elementor-element-6ad46b23 elementor-section-boxed elementor-section-height-default elementor-section-height-default\" data-id=\"6ad46b23\" data-element_type=\"section\" data-e-type=\"section\" data-settings=\"{&quot;background_background&quot;:&quot;classic&quot;}\">\n\t\t\t\t\t\t<div class=\"elementor-container elementor-column-gap-default\">\n\t\t\t\t\t<div class=\"elementor-column elementor-col-100 elementor-top-column elementor-element elementor-element-25c2565e\" data-id=\"25c2565e\" data-element_type=\"column\" data-e-type=\"column\">\n\t\t\t<div class=\"elementor-widget-wrap elementor-element-populated\">\n\t\t\t\t\t\t<div class=\"elementor-element elementor-element-45b3d63c de_scroll_animation_no elementor-invisible elementor-widget elementor-widget-text-editor\" data-id=\"45b3d63c\" data-element_type=\"widget\" data-e-type=\"widget\" data-settings=\"{&quot;_animation&quot;:&quot;fadeIn&quot;}\" data-widget_type=\"text-editor.default\">\n\t\t\t\t\t\t\t\t\t<p><i><span style=\"font-weight: 400;\">Fecha de entrada en vigor: 16 de junio de 2026<\/span><\/i><\/p>\t\t\t\t\t\t\t\t<\/div>\n\t\t\t\t<div class=\"elementor-element elementor-element-20ec5728 de_scroll_animation_no elementor-invisible elementor-widget elementor-widget-heading\" data-id=\"20ec5728\" data-element_type=\"widget\" data-e-type=\"widget\" data-settings=\"{&quot;_animation&quot;:&quot;fadeIn&quot;,&quot;_animation_delay&quot;:200}\" data-widget_type=\"heading.default\">\n\t\t\t\t\t<h2 class=\"elementor-heading-title elementor-size-default\">Kappa Senses Zanz\u00edbar \u2013 Pol\u00edtica de privacidad<\/h2>\t\t\t\t<\/div>\n\t\t\t\t<section class=\"elementor-section elementor-inner-section elementor-element elementor-element-501eb540 elementor-section-boxed elementor-section-height-default elementor-section-height-default\" data-id=\"501eb540\" data-element_type=\"section\" data-e-type=\"section\">\n\t\t\t\t\t\t<div class=\"elementor-container elementor-column-gap-default\">\n\t\t\t\t\t<div class=\"elementor-column elementor-col-100 elementor-inner-column elementor-element elementor-element-5836f4a9\" data-id=\"5836f4a9\" data-element_type=\"column\" data-e-type=\"column\">\n\t\t\t<div class=\"elementor-widget-wrap elementor-element-populated\">\n\t\t\t\t\t\t<div class=\"elementor-element elementor-element-65e9fb21 de_scroll_animation_no elementor-widget elementor-widget-text-editor\" data-id=\"65e9fb21\" data-element_type=\"widget\" data-e-type=\"widget\" data-widget_type=\"text-editor.default\">\n\t\t\t\t\t\t\t\t\t<h2><b>1. Responsable del tratamiento de datos<\/b><\/h2><p><span style=\"font-weight: 400;\">Kappa Zanz\u00edbar<\/span><span style=\"font-weight: 400;\"><br \/><\/span><span style=\"font-weight: 400;\">Pwani Mchangani, Zanz\u00edbar, Tanzania<\/span><span style=\"font-weight: 400;\"><br \/><\/span><span style=\"font-weight: 400;\">Correo electr\u00f3nico: reservations.zanzibar@kappasenses.com<\/span><span style=\"font-weight: 400;\"><br \/><\/span><span style=\"font-weight: 400;\">Tel\u00e9fono: +255 000000000<\/span><\/p><h2><b>2. Informaci\u00f3n que recopilamos<\/b><\/h2><p><span style=\"font-weight: 400;\">Podemos recopilar informaci\u00f3n personal, incluyendo:<\/span><span style=\"font-weight: 400;\"><br \/><\/span><span style=\"font-weight: 400;\">\u2013 Nombre completo<\/span><span style=\"font-weight: 400;\"><br \/><\/span><span style=\"font-weight: 400;\">- Direcci\u00f3n de correo electr\u00f3nico<\/span><span style=\"font-weight: 400;\"><br \/><\/span><span style=\"font-weight: 400;\">\u2013 N\u00famero de tel\u00e9fono<\/span><span style=\"font-weight: 400;\"><br \/><\/span><span style=\"font-weight: 400;\">\u2013 Nacionalidad y pa\u00eds de residencia<\/span><span style=\"font-weight: 400;\"><br \/><\/span><span style=\"font-weight: 400;\">\u2013 Detalles de la reserva y la estancia<\/span><span style=\"font-weight: 400;\"><br \/><\/span><span style=\"font-weight: 400;\">\u2013 Informaci\u00f3n de pago (procesada a trav\u00e9s de una pasarela de pago segura de terceros)<\/span><span style=\"font-weight: 400;\"><br \/><\/span><span style=\"font-weight: 400;\">\u2013 Direcci\u00f3n IP e informaci\u00f3n del navegador<\/span><span style=\"font-weight: 400;\"><br \/><\/span><span style=\"font-weight: 400;\">\u2013 Preferencias de marketing (cuando se ha dado el consentimiento)<\/span><\/p><h2><b>3. Finalidad del tratamiento<\/b><\/h2><p><span style=\"font-weight: 400;\">Su informaci\u00f3n se recopila y procesa para los siguientes fines:<\/span><span style=\"font-weight: 400;\"><br \/><\/span><span style=\"font-weight: 400;\">\u2013 Gesti\u00f3n de reservas y cumplimiento contractual<\/span><span style=\"font-weight: 400;\"><br \/><\/span><span style=\"font-weight: 400;\">\u2013 Comunicaci\u00f3n previa a la llegada y sobre la experiencia del hu\u00e9sped<\/span><span style=\"font-weight: 400;\"><br \/><\/span><span style=\"font-weight: 400;\">\u2013 Requisitos operativos y de prestaci\u00f3n de servicios<\/span><span style=\"font-weight: 400;\"><br \/><\/span><span style=\"font-weight: 400;\">\u2013 Cumplimiento de las obligaciones legales y reglamentarias<\/span><span style=\"font-weight: 400;\"><br \/><\/span><span style=\"font-weight: 400;\">\u2013 Comunicaciones de marketing (solo cuando se haya otorgado el consentimiento expl\u00edcito)<\/span><\/p><h2><b>4. Base jur\u00eddica (para residentes de la UE)<\/b><\/h2><p><span style=\"font-weight: 400;\">Cuando corresponda seg\u00fan el RGPD, tratamos los datos personales bas\u00e1ndonos en:<\/span><span style=\"font-weight: 400;\"><br \/><\/span><span style=\"font-weight: 400;\">\u2013 Necesidad contractual<\/span><span style=\"font-weight: 400;\"><br \/><\/span><span style=\"font-weight: 400;\">\u2013 Obligaci\u00f3n legal<\/span><span style=\"font-weight: 400;\"><br \/><\/span><span style=\"font-weight: 400;\">\u2013 Inter\u00e9s comercial leg\u00edtimo<\/span><span style=\"font-weight: 400;\"><br \/><\/span><span style=\"font-weight: 400;\">\u2013 Consentimiento expl\u00edcito (para fines de marketing)<\/span><\/p><h2><b>5. Intercambio de datos y proveedores de servicios<\/b><\/h2><p><span style=\"font-weight: 400;\">Los datos personales podr\u00e1n ser compartidos con proveedores de servicios de confianza, entre los que se incluyen:<\/span><span style=\"font-weight: 400;\"><br \/><\/span><span style=\"font-weight: 400;\">\u2013 Sistema de gesti\u00f3n de propiedades (OPERA PMS)<\/span><span style=\"font-weight: 400;\"><br \/><\/span><span style=\"font-weight: 400;\">\u2013 Gestor de canales (RateGain)<\/span><span style=\"font-weight: 400;\"><br \/><\/span><span style=\"font-weight: 400;\">\u2013 Proveedor de motor de reservas<\/span><span style=\"font-weight: 400;\"><br \/><\/span><span style=\"font-weight: 400;\">\u2013 Proveedor de pasarela de pago segura<\/span><span style=\"font-weight: 400;\"><br \/><\/span><span style=\"font-weight: 400;\">\u2013 Proveedores de TI y alojamiento web<\/span><span style=\"font-weight: 400;\"><br \/><\/span><span style=\"font-weight: 400;\">\u2013 Plataformas de distribuci\u00f3n OTA<\/span><span style=\"font-weight: 400;\"><br \/><\/span><span style=\"font-weight: 400;\"><br \/><\/span><span style=\"font-weight: 400;\">Todos los socios est\u00e1n obligados a mantener estrictos est\u00e1ndares de protecci\u00f3n de datos.<\/span><\/p><h2><b>6. Retenci\u00f3n de datos<\/b><\/h2><p><span style=\"font-weight: 400;\">Los datos personales se conservan:<\/span><span style=\"font-weight: 400;\"><br \/><\/span><span style=\"font-weight: 400;\">\u2013 Durante el tiempo necesario para cumplir con las obligaciones de reserva y servicio.<\/span><span style=\"font-weight: 400;\"><br \/><\/span><span style=\"font-weight: 400;\">\u2013 Seg\u00fan lo exigido por las normas contables y de cumplimiento legal.<\/span><span style=\"font-weight: 400;\"><br \/><\/span><span style=\"font-weight: 400;\">\u2013 Para fines de marketing hasta que se retire el consentimiento.<\/span><\/p><h2><b>7. Sus derechos<\/b><\/h2><p><span style=\"font-weight: 400;\">Los invitados y usuarios del sitio web tienen derecho a:<\/span><span style=\"font-weight: 400;\"><br \/><\/span><span style=\"font-weight: 400;\">\u2013 Acceder a sus datos personales<\/span><span style=\"font-weight: 400;\"><br \/><\/span><span style=\"font-weight: 400;\">\u2013 Solicitar correcci\u00f3n<\/span><span style=\"font-weight: 400;\"><br \/><\/span><span style=\"font-weight: 400;\">\u2013 Solicitar eliminaci\u00f3n<\/span><span style=\"font-weight: 400;\"><br \/><\/span><span style=\"font-weight: 400;\">\u2013 Restringir el procesamiento<\/span><span style=\"font-weight: 400;\"><br \/><\/span><span style=\"font-weight: 400;\">\u2013 Retirar el consentimiento en cualquier momento<\/span><span style=\"font-weight: 400;\"><br \/><\/span><span style=\"font-weight: 400;\">\u2013 Presentar una reclamaci\u00f3n ante una autoridad de control (para residentes de la UE)<\/span><span style=\"font-weight: 400;\"><br \/><\/span><span style=\"font-weight: 400;\"><br \/><\/span><span style=\"font-weight: 400;\">Las solicitudes pueden dirigirse a:<\/span><span style=\"font-weight: 400;\"><br \/><\/span><span style=\"font-weight: 400;\">reservations.zanzibar@anayahotelsandresorts.com<\/span><\/p><h2><b>8. Cookies y seguimiento del sitio web<\/b><\/h2><p><span style=\"font-weight: 400;\">Nuestro sitio web utiliza cookies para mejorar la experiencia del usuario y analizar el rendimiento del sitio web.<\/span><span style=\"font-weight: 400;\"><br \/><\/span><span style=\"font-weight: 400;\"><br \/><\/span><span style=\"font-weight: 400;\">Utilizamos:<\/span><span style=\"font-weight: 400;\"><br \/><\/span><span style=\"font-weight: 400;\">\u2013 Cookies esenciales (necesarias para el funcionamiento del sitio web)<\/span><span style=\"font-weight: 400;\"><br \/><\/span><span style=\"font-weight: 400;\">\u2013 Cookies de an\u00e1lisis (como Google Analytics)<\/span><span style=\"font-weight: 400;\"><br \/><\/span><span style=\"font-weight: 400;\"><br \/><\/span><span style=\"font-weight: 400;\">Los usuarios pueden aceptar o rechazar las cookies no esenciales a trav\u00e9s de nuestro banner de consentimiento de cookies.<\/span><\/p><h2><b>9. Seguridad de los datos<\/b><\/h2><p><span style=\"font-weight: 400;\">Implementamos medidas de seguridad t\u00e9cnicas y organizativas adecuadas, entre las que se incluyen:<\/span><span style=\"font-weight: 400;\"><br \/><\/span><span style=\"font-weight: 400;\">\u2013 Cifrado SSL (HTTPS)<\/span><span style=\"font-weight: 400;\"><br \/><\/span><span style=\"font-weight: 400;\">\u2013 Procesamiento de pagos seguro<\/span><span style=\"font-weight: 400;\"><br \/><\/span><span style=\"font-weight: 400;\">\u2013 Acceso interno restringido a datos personales<\/span><span style=\"font-weight: 400;\"><br \/><\/span><span style=\"font-weight: 400;\">\u2013 Monitoreo regular del sistema<\/span><\/p><h2><b>10. Actualizaciones de pol\u00edticas<\/b><\/h2><p><span style=\"font-weight: 400;\">Esta Pol\u00edtica de Privacidad podr\u00e1 actualizarse peri\u00f3dicamente. La versi\u00f3n m\u00e1s reciente siempre estar\u00e1 publicada en nuestro sitio web.<\/span><\/p>\t\t\t\t\t\t\t\t<\/div>\n\t\t\t\t\t<\/div>\n\t\t<\/div>\n\t\t\t\t\t<\/div>\n\t\t<\/section>\n\t\t\t\t\t<\/div>\n\t\t<\/div>\n\t\t\t\t\t<\/div>\n\t\t<\/section>\n\t\t\t\t<section class=\"elementor-section elementor-top-section elementor-element elementor-element-58c89ae3 elementor-section-boxed elementor-section-height-default elementor-section-height-default\" data-id=\"58c89ae3\" data-element_type=\"section\" data-e-type=\"section\" data-settings=\"{&quot;background_background&quot;:&quot;classic&quot;}\">\n\t\t\t\t\t\t<div class=\"elementor-container elementor-column-gap-default\">\n\t\t\t\t\t<div class=\"elementor-column elementor-col-100 elementor-top-column elementor-element elementor-element-46a55b5a\" data-id=\"46a55b5a\" data-element_type=\"column\" data-e-type=\"column\">\n\t\t\t<div class=\"elementor-widget-wrap elementor-element-populated\">\n\t\t\t\t\t\t<div class=\"elementor-element elementor-element-358205b de_scroll_animation_no elementor-invisible elementor-widget elementor-widget-text-editor\" data-id=\"358205b\" data-element_type=\"widget\" data-e-type=\"widget\" data-settings=\"{&quot;_animation&quot;:&quot;fadeIn&quot;}\" data-widget_type=\"text-editor.default\">\n\t\t\t\t\t\t\t\t\t<p>Hoja informativa<\/p>\t\t\t\t\t\t\t\t<\/div>\n\t\t\t\t<div class=\"elementor-element elementor-element-77be8f6 de_scroll_animation_no elementor-invisible elementor-widget elementor-widget-heading\" data-id=\"77be8f6\" data-element_type=\"widget\" data-e-type=\"widget\" data-settings=\"{&quot;_animation&quot;:&quot;fadeIn&quot;,&quot;_animation_delay&quot;:200}\" data-widget_type=\"heading.default\">\n\t\t\t\t\t<h2 class=\"elementor-heading-title elementor-size-default\">Suscr\u00edbete a nuestro bolet\u00edn informativo<\/h2>\t\t\t\t<\/div>\n\t\t\t\t<div class=\"elementor-element elementor-element-41cc7ae ekit_wpForms_container-form-button-custom de_scroll_animation_no elementor-invisible elementor-widget elementor-widget-elementskit-wp-forms\" data-id=\"41cc7ae\" data-element_type=\"widget\" data-e-type=\"widget\" data-settings=\"{&quot;_animation&quot;:&quot;fadeIn&quot;,&quot;_animation_delay&quot;:400}\" data-widget_type=\"elementskit-wp-forms.default\">\n\t\t\t\t<div class=\"elementor-widget-container\">\n\t\t\t\t\t<div class=\"ekit-wid-con ekit_wpForms_container\"><\/div>\t\t\t\t<\/div>\n\t\t\t\t<\/div>\n\t\t\t\t\t<\/div>\n\t\t<\/div>\n\t\t\t\t\t<\/div>\n\t\t<\/section>\n\t\t\t\t<\/div>","protected":false},"excerpt":{"rendered":"<p>Privacy Policy Home About Effective Date 16 June 2026 Kappa Senses Zanzibar \u2013 Privacy Policy 1. Data Controller Kappa ZanzibarPwani Mchangani, Zanzibar, TanzaniaEmail: reservations.zanzibar@kappasenses.comTelephone: +255 000000000 2. Information We Collect We may collect personal information including:&#8211; Full name&#8211; Email address&#8211; Telephone number&#8211; Nationality and country of residence&#8211; Reservation and stay details&#8211; Payment information (processed via [&hellip;]<\/p>\n","protected":false},"author":2,"featured_media":0,"parent":0,"menu_order":0,"comment_status":"closed","ping_status":"closed","template":"elementor_header_footer","meta":{"footnotes":""},"class_list":["post-1594","page","type-page","status-publish","hentry"],"yoast_head":"<!-- This site is optimized with the Yoast SEO plugin v27.3 - https:\/\/yoast.com\/product\/yoast-seo-wordpress\/ -->\n<title>Privacy Policy - Kappa Senses<\/title>\n<meta name=\"robots\" content=\"index, follow, max-snippet:-1, max-image-preview:large, max-video-preview:-1\" \/>\n<link rel=\"canonical\" href=\"https:\/\/zanzibar.kappasenses.com\/es\/politica-de-privacidad\/\" \/>\n<meta property=\"og:locale\" content=\"es_ES\" \/>\n<meta property=\"og:type\" content=\"article\" \/>\n<meta property=\"og:title\" content=\"Privacy Policy - Kappa Senses\" \/>\n<meta property=\"og:description\" content=\"Privacy Policy Home About Effective Date 16 June 2026 Kappa Senses Zanzibar \u2013 Privacy Policy 1. Data Controller Kappa ZanzibarPwani Mchangani, Zanzibar, TanzaniaEmail: reservations.zanzibar@kappasenses.comTelephone: +255 000000000 2. Information We Collect We may collect personal information including:&#8211; Full name&#8211; Email address&#8211; Telephone number&#8211; Nationality and country of residence&#8211; Reservation and stay details&#8211; Payment information (processed via [&hellip;]\" \/>\n<meta property=\"og:url\" content=\"https:\/\/zanzibar.kappasenses.com\/es\/politica-de-privacidad\/\" \/>\n<meta property=\"og:site_name\" content=\"Kappa Senses\" \/>\n<meta property=\"article:publisher\" content=\"https:\/\/www.facebook.com\/p\/Kappa-Senses-Zanzibar-61586539921577\" \/>\n<meta property=\"article:modified_time\" content=\"2026-03-09T05:29:50+00:00\" \/>\n<meta name=\"twitter:card\" content=\"summary_large_image\" \/>\n<script type=\"application\/ld+json\" class=\"yoast-schema-graph\">{\"@context\":\"https:\\\/\\\/schema.org\",\"@graph\":[{\"@type\":\"WebPage\",\"@id\":\"https:\\\/\\\/zanzibar.kappasenses.com\\\/privacy-policy\\\/\",\"url\":\"https:\\\/\\\/zanzibar.kappasenses.com\\\/privacy-policy\\\/\",\"name\":\"Privacy Policy - Kappa Senses\",\"isPartOf\":{\"@id\":\"https:\\\/\\\/zanzibar.kappasenses.com\\\/#website\"},\"datePublished\":\"2026-02-15T20:32:36+00:00\",\"dateModified\":\"2026-03-09T05:29:50+00:00\",\"breadcrumb\":{\"@id\":\"https:\\\/\\\/zanzibar.kappasenses.com\\\/privacy-policy\\\/#breadcrumb\"},\"inLanguage\":\"es\",\"potentialAction\":[{\"@type\":\"ReadAction\",\"target\":[\"https:\\\/\\\/zanzibar.kappasenses.com\\\/privacy-policy\\\/\"]}]},{\"@type\":\"BreadcrumbList\",\"@id\":\"https:\\\/\\\/zanzibar.kappasenses.com\\\/privacy-policy\\\/#breadcrumb\",\"itemListElement\":[{\"@type\":\"ListItem\",\"position\":1,\"name\":\"Home\",\"item\":\"https:\\\/\\\/zanzibar.kappasenses.com\\\/\"},{\"@type\":\"ListItem\",\"position\":2,\"name\":\"Privacy Policy\"}]},{\"@type\":\"WebSite\",\"@id\":\"https:\\\/\\\/zanzibar.kappasenses.com\\\/#website\",\"url\":\"https:\\\/\\\/zanzibar.kappasenses.com\\\/\",\"name\":\"Kappa Senses Zanzibar\",\"description\":\"\",\"publisher\":{\"@id\":\"https:\\\/\\\/zanzibar.kappasenses.com\\\/#organization\"},\"potentialAction\":[{\"@type\":\"SearchAction\",\"target\":{\"@type\":\"EntryPoint\",\"urlTemplate\":\"https:\\\/\\\/zanzibar.kappasenses.com\\\/?s={search_term_string}\"},\"query-input\":{\"@type\":\"PropertyValueSpecification\",\"valueRequired\":true,\"valueName\":\"search_term_string\"}}],\"inLanguage\":\"es\"},{\"@type\":\"Organization\",\"@id\":\"https:\\\/\\\/zanzibar.kappasenses.com\\\/#organization\",\"name\":\"Kappa Senses Zanzibar 5* Hotel\",\"alternateName\":\"Kappa Senses Zanzibar\",\"url\":\"https:\\\/\\\/zanzibar.kappasenses.com\\\/\",\"logo\":{\"@type\":\"ImageObject\",\"inLanguage\":\"es\",\"@id\":\"https:\\\/\\\/zanzibar.kappasenses.com\\\/#\\\/schema\\\/logo\\\/image\\\/\",\"url\":\"https:\\\/\\\/zanzibar.kappasenses.com\\\/wp-content\\\/uploads\\\/2026\\\/01\\\/logo_kappa_senses_z.png\",\"contentUrl\":\"https:\\\/\\\/zanzibar.kappasenses.com\\\/wp-content\\\/uploads\\\/2026\\\/01\\\/logo_kappa_senses_z.png\",\"width\":1601,\"height\":1421,\"caption\":\"Kappa Senses Zanzibar 5* Hotel\"},\"image\":{\"@id\":\"https:\\\/\\\/zanzibar.kappasenses.com\\\/#\\\/schema\\\/logo\\\/image\\\/\"},\"sameAs\":[\"https:\\\/\\\/www.facebook.com\\\/p\\\/Kappa-Senses-Zanzibar-61586539921577\"]}]}<\/script>\n<!-- \/ Yoast SEO plugin. -->","yoast_head_json":{"title":"Pol\u00edtica de privacidad - Kappa Senses","robots":{"index":"index","follow":"follow","max-snippet":"max-snippet:-1","max-image-preview":"max-image-preview:large","max-video-preview":"max-video-preview:-1"},"canonical":"https:\/\/zanzibar.kappasenses.com\/es\/politica-de-privacidad\/","og_locale":"es_ES","og_type":"article","og_title":"Privacy Policy - Kappa Senses","og_description":"Privacy Policy Home About Effective Date 16 June 2026 Kappa Senses Zanzibar \u2013 Privacy Policy 1. Data Controller Kappa ZanzibarPwani Mchangani, Zanzibar, TanzaniaEmail: reservations.zanzibar@kappasenses.comTelephone: +255 000000000 2. Information We Collect We may collect personal information including:&#8211; Full name&#8211; Email address&#8211; Telephone number&#8211; Nationality and country of residence&#8211; Reservation and stay details&#8211; Payment information (processed via [&hellip;]","og_url":"https:\/\/zanzibar.kappasenses.com\/es\/politica-de-privacidad\/","og_site_name":"Kappa Senses","article_publisher":"https:\/\/www.facebook.com\/p\/Kappa-Senses-Zanzibar-61586539921577","article_modified_time":"2026-03-09T05:29:50+00:00","twitter_card":"summary_large_image","schema":{"@context":"https:\/\/schema.org","@graph":[{"@type":"WebPage","@id":"https:\/\/zanzibar.kappasenses.com\/privacy-policy\/","url":"https:\/\/zanzibar.kappasenses.com\/privacy-policy\/","name":"Pol\u00edtica de privacidad - Kappa Senses","isPartOf":{"@id":"https:\/\/zanzibar.kappasenses.com\/#website"},"datePublished":"2026-02-15T20:32:36+00:00","dateModified":"2026-03-09T05:29:50+00:00","breadcrumb":{"@id":"https:\/\/zanzibar.kappasenses.com\/privacy-policy\/#breadcrumb"},"inLanguage":"es","potentialAction":[{"@type":"ReadAction","target":["https:\/\/zanzibar.kappasenses.com\/privacy-policy\/"]}]},{"@type":"BreadcrumbList","@id":"https:\/\/zanzibar.kappasenses.com\/privacy-policy\/#breadcrumb","itemListElement":[{"@type":"ListItem","position":1,"name":"Home","item":"https:\/\/zanzibar.kappasenses.com\/"},{"@type":"ListItem","position":2,"name":"Privacy Policy"}]},{"@type":"WebSite","@id":"https:\/\/zanzibar.kappasenses.com\/#website","url":"https:\/\/zanzibar.kappasenses.com\/","name":"Kappa Senses Zanz\u00edbar","description":"","publisher":{"@id":"https:\/\/zanzibar.kappasenses.com\/#organization"},"potentialAction":[{"@type":"SearchAction","target":{"@type":"EntryPoint","urlTemplate":"https:\/\/zanzibar.kappasenses.com\/?s={search_term_string}"},"query-input":{"@type":"PropertyValueSpecification","valueRequired":true,"valueName":"search_term_string"}}],"inLanguage":"es"},{"@type":"Organization","@id":"https:\/\/zanzibar.kappasenses.com\/#organization","name":"Hotel Kappa Senses Zanz\u00edbar 5*","alternateName":"Kappa Senses Zanzibar","url":"https:\/\/zanzibar.kappasenses.com\/","logo":{"@type":"ImageObject","inLanguage":"es","@id":"https:\/\/zanzibar.kappasenses.com\/#\/schema\/logo\/image\/","url":"https:\/\/zanzibar.kappasenses.com\/wp-content\/uploads\/2026\/01\/logo_kappa_senses_z.png","contentUrl":"https:\/\/zanzibar.kappasenses.com\/wp-content\/uploads\/2026\/01\/logo_kappa_senses_z.png","width":1601,"height":1421,"caption":"Kappa Senses Zanzibar 5* Hotel"},"image":{"@id":"https:\/\/zanzibar.kappasenses.com\/#\/schema\/logo\/image\/"},"sameAs":["https:\/\/www.facebook.com\/p\/Kappa-Senses-Zanzibar-61586539921577"]}]}},"_links":{"self":[{"href":"https:\/\/zanzibar.kappasenses.com\/es\/wp-json\/wp\/v2\/pages\/1594","targetHints":{"allow":["GET"]}}],"collection":[{"href":"https:\/\/zanzibar.kappasenses.com\/es\/wp-json\/wp\/v2\/pages"}],"about":[{"href":"https:\/\/zanzibar.kappasenses.com\/es\/wp-json\/wp\/v2\/types\/page"}],"author":[{"embeddable":true,"href":"https:\/\/zanzibar.kappasenses.com\/es\/wp-json\/wp\/v2\/users\/2"}],"replies":[{"embeddable":true,"href":"https:\/\/zanzibar.kappasenses.com\/es\/wp-json\/wp\/v2\/comments?post=1594"}],"version-history":[{"count":5,"href":"https:\/\/zanzibar.kappasenses.com\/es\/wp-json\/wp\/v2\/pages\/1594\/revisions"}],"predecessor-version":[{"id":3580,"href":"https:\/\/zanzibar.kappasenses.com\/es\/wp-json\/wp\/v2\/pages\/1594\/revisions\/3580"}],"wp:attachment":[{"href":"https:\/\/zanzibar.kappasenses.com\/es\/wp-json\/wp\/v2\/media?parent=1594"}],"curies":[{"name":"wp","href":"https:\/\/api.w.org\/{rel}","templated":true}]}}