{"id":1594,"date":"2026-02-15T23:32:36","date_gmt":"2026-02-15T20:32:36","guid":{"rendered":"https:\/\/anaya.simplyit.africa\/?page_id=1594"},"modified":"2026-03-09T08:29:50","modified_gmt":"2026-03-09T05:29:50","slug":"datenschutzrichtlinie","status":"publish","type":"page","link":"https:\/\/zanzibar.kappasenses.com\/de\/privacy-policy\/","title":{"rendered":"Datenschutzrichtlinie"},"content":{"rendered":"<div data-elementor-type=\"wp-page\" data-elementor-id=\"1594\" class=\"elementor elementor-1594\" data-elementor-post-type=\"page\">\n\t\t\t\t<div class=\"elementor-element elementor-element-de9b6ee e-con-full e-flex e-con e-parent\" data-id=\"de9b6ee\" data-element_type=\"container\" data-e-type=\"container\" data-settings=\"{&quot;background_background&quot;:&quot;classic&quot;}\">\n\t\t<div class=\"elementor-element elementor-element-c93d9cf e-con-full e-flex e-con e-child\" data-id=\"c93d9cf\" data-element_type=\"container\" data-e-type=\"container\">\n\t\t<div class=\"elementor-element elementor-element-5f3c1cf e-con-full e-flex e-con e-child\" data-id=\"5f3c1cf\" data-element_type=\"container\" data-e-type=\"container\" data-settings=\"{&quot;background_background&quot;:&quot;classic&quot;}\">\n\t\t<div class=\"elementor-element elementor-element-2edb055 e-con-full e-flex e-con e-child\" data-id=\"2edb055\" data-element_type=\"container\" data-e-type=\"container\" data-settings=\"{&quot;background_background&quot;:&quot;classic&quot;}\">\n\t\t\t\t<div class=\"elementor-element elementor-element-1af0e2a de_scroll_animation_no elementor-invisible elementor-widget elementor-widget-heading\" data-id=\"1af0e2a\" data-element_type=\"widget\" data-e-type=\"widget\" data-settings=\"{&quot;_animation&quot;:&quot;fadeIn&quot;}\" data-widget_type=\"heading.default\">\n\t\t\t\t\t<h2 class=\"elementor-heading-title elementor-size-default\">Datenschutzrichtlinie<\/h2>\t\t\t\t<\/div>\n\t\t\t\t<div class=\"elementor-element elementor-element-b9f2b5d elementor-icon-list--layout-inline elementor-align-center elementor-list-item-link-full_width de_scroll_animation_no elementor-invisible elementor-widget elementor-widget-icon-list\" data-id=\"b9f2b5d\" data-element_type=\"widget\" data-e-type=\"widget\" data-settings=\"{&quot;_animation&quot;:&quot;fadeIn&quot;,&quot;_animation_delay&quot;:200}\" data-widget_type=\"icon-list.default\">\n\t\t\t\t\t\t\t<ul class=\"elementor-icon-list-items elementor-inline-items\">\n\t\t\t\t\t\t\t<li class=\"elementor-icon-list-item elementor-inline-item\">\n\t\t\t\t\t\t\t\t\t\t\t<a href=\"#\">\n\n\t\t\t\t\t\t\t\t\t\t\t<span class=\"elementor-icon-list-text\">Heim<\/span>\n\t\t\t\t\t\t\t\t\t\t\t<\/a>\n\t\t\t\t\t\t\t\t\t<\/li>\n\t\t\t\t\t\t\t\t<li class=\"elementor-icon-list-item elementor-inline-item\">\n\t\t\t\t\t\t\t\t\t\t\t<span class=\"elementor-icon-list-icon\">\n\t\t\t\t\t\t\t<i aria-hidden=\"true\" class=\"icon icon-right-arrow1\"><\/i>\t\t\t\t\t\t<\/span>\n\t\t\t\t\t\t\t\t\t\t<span class=\"elementor-icon-list-text\">Um<\/span>\n\t\t\t\t\t\t\t\t\t<\/li>\n\t\t\t\t\t\t<\/ul>\n\t\t\t\t\t\t<\/div>\n\t\t\t\t<\/div>\n\t\t\t\t<\/div>\n\t\t\t\t<\/div>\n\t\t\t\t<\/div>\n\t\t\t\t<section class=\"elementor-section elementor-top-section elementor-element elementor-element-6ad46b23 elementor-section-boxed elementor-section-height-default elementor-section-height-default\" data-id=\"6ad46b23\" data-element_type=\"section\" data-e-type=\"section\" data-settings=\"{&quot;background_background&quot;:&quot;classic&quot;}\">\n\t\t\t\t\t\t<div class=\"elementor-container elementor-column-gap-default\">\n\t\t\t\t\t<div class=\"elementor-column elementor-col-100 elementor-top-column elementor-element elementor-element-25c2565e\" data-id=\"25c2565e\" data-element_type=\"column\" data-e-type=\"column\">\n\t\t\t<div class=\"elementor-widget-wrap elementor-element-populated\">\n\t\t\t\t\t\t<div class=\"elementor-element elementor-element-45b3d63c de_scroll_animation_no elementor-invisible elementor-widget elementor-widget-text-editor\" data-id=\"45b3d63c\" data-element_type=\"widget\" data-e-type=\"widget\" data-settings=\"{&quot;_animation&quot;:&quot;fadeIn&quot;}\" data-widget_type=\"text-editor.default\">\n\t\t\t\t\t\t\t\t\t<p><i><span style=\"font-weight: 400;\">Inkrafttreten: 16. Juni 2026<\/span><\/i><\/p>\t\t\t\t\t\t\t\t<\/div>\n\t\t\t\t<div class=\"elementor-element elementor-element-20ec5728 de_scroll_animation_no elementor-invisible elementor-widget elementor-widget-heading\" data-id=\"20ec5728\" data-element_type=\"widget\" data-e-type=\"widget\" data-settings=\"{&quot;_animation&quot;:&quot;fadeIn&quot;,&quot;_animation_delay&quot;:200}\" data-widget_type=\"heading.default\">\n\t\t\t\t\t<h2 class=\"elementor-heading-title elementor-size-default\">Kappa Senses Zanzibar \u2013 Datenschutzrichtlinie<\/h2>\t\t\t\t<\/div>\n\t\t\t\t<section class=\"elementor-section elementor-inner-section elementor-element elementor-element-501eb540 elementor-section-boxed elementor-section-height-default elementor-section-height-default\" data-id=\"501eb540\" data-element_type=\"section\" data-e-type=\"section\">\n\t\t\t\t\t\t<div class=\"elementor-container elementor-column-gap-default\">\n\t\t\t\t\t<div class=\"elementor-column elementor-col-100 elementor-inner-column elementor-element elementor-element-5836f4a9\" data-id=\"5836f4a9\" data-element_type=\"column\" data-e-type=\"column\">\n\t\t\t<div class=\"elementor-widget-wrap elementor-element-populated\">\n\t\t\t\t\t\t<div class=\"elementor-element elementor-element-65e9fb21 de_scroll_animation_no elementor-widget elementor-widget-text-editor\" data-id=\"65e9fb21\" data-element_type=\"widget\" data-e-type=\"widget\" data-widget_type=\"text-editor.default\">\n\t\t\t\t\t\t\t\t\t<h2><b>1. Verantwortlicher f\u00fcr die Datenverarbeitung<\/b><\/h2><p><span style=\"font-weight: 400;\">Kappa Sansibar<\/span><span style=\"font-weight: 400;\"><br \/><\/span><span style=\"font-weight: 400;\">Pwani Mchangani, Sansibar, Tansania<\/span><span style=\"font-weight: 400;\"><br \/><\/span><span style=\"font-weight: 400;\">E-Mail: reservations.zanzibar@kappasenses.com<\/span><span style=\"font-weight: 400;\"><br \/><\/span><span style=\"font-weight: 400;\">Telefon: +255 000000000<\/span><\/p><h2><b>2. Informationen, die wir sammeln<\/b><\/h2><p><span style=\"font-weight: 400;\">Wir k\u00f6nnen personenbezogene Daten erheben, darunter:<\/span><span style=\"font-weight: 400;\"><br \/><\/span><span style=\"font-weight: 400;\">- Vollst\u00e4ndiger Name<\/span><span style=\"font-weight: 400;\"><br \/><\/span><span style=\"font-weight: 400;\">- E-Mail-Adresse<\/span><span style=\"font-weight: 400;\"><br \/><\/span><span style=\"font-weight: 400;\">\u2013 Telefonnummer<\/span><span style=\"font-weight: 400;\"><br \/><\/span><span style=\"font-weight: 400;\">\u2013 Staatsangeh\u00f6rigkeit und Wohnsitzland<\/span><span style=\"font-weight: 400;\"><br \/><\/span><span style=\"font-weight: 400;\">\u2013 Reservierungs- und Aufenthaltsdetails<\/span><span style=\"font-weight: 400;\"><br \/><\/span><span style=\"font-weight: 400;\">\u2013 Zahlungsinformationen (Verarbeitung \u00fcber ein sicheres Drittanbieter-Gateway)<\/span><span style=\"font-weight: 400;\"><br \/><\/span><span style=\"font-weight: 400;\">\u2013 IP-Adresse und Browserinformationen<\/span><span style=\"font-weight: 400;\"><br \/><\/span><span style=\"font-weight: 400;\">\u2013 Marketingpr\u00e4ferenzen (sofern eine Einwilligung vorliegt)<\/span><\/p><h2><b>3. Zweck der Verarbeitung<\/b><\/h2><p><span style=\"font-weight: 400;\">Ihre Daten werden zu folgenden Zwecken erhoben und verarbeitet:<\/span><span style=\"font-weight: 400;\"><br \/><\/span><span style=\"font-weight: 400;\">\u2013 Reservierungsmanagement und Vertragserf\u00fcllung<\/span><span style=\"font-weight: 400;\"><br \/><\/span><span style=\"font-weight: 400;\">\u2013 Kommunikation vor der Ankunft und w\u00e4hrend des G\u00e4steerlebnisses<\/span><span style=\"font-weight: 400;\"><br \/><\/span><span style=\"font-weight: 400;\">\u2013 Anforderungen an den Betrieb und die Leistungserbringung<\/span><span style=\"font-weight: 400;\"><br \/><\/span><span style=\"font-weight: 400;\">\u2013 Einhaltung gesetzlicher und beh\u00f6rdlicher Verpflichtungen<\/span><span style=\"font-weight: 400;\"><br \/><\/span><span style=\"font-weight: 400;\">\u2013 Marketingmitteilungen (nur wenn eine ausdr\u00fcckliche Einwilligung vorliegt)<\/span><\/p><h2><b>4. Rechtsgrundlage (F\u00fcr EU-B\u00fcrger)<\/b><\/h2><p><span style=\"font-weight: 400;\">Soweit dies nach der DSGVO erforderlich ist, verarbeiten wir personenbezogene Daten auf folgender Grundlage:<\/span><span style=\"font-weight: 400;\"><br \/><\/span><span style=\"font-weight: 400;\">\u2013 Vertragliche Notwendigkeit<\/span><span style=\"font-weight: 400;\"><br \/><\/span><span style=\"font-weight: 400;\">\u2013 Rechtliche Verpflichtung<\/span><span style=\"font-weight: 400;\"><br \/><\/span><span style=\"font-weight: 400;\">\u2013 Berechtigtes Gesch\u00e4ftsinteresse<\/span><span style=\"font-weight: 400;\"><br \/><\/span><span style=\"font-weight: 400;\">\u2013 Ausdr\u00fcckliche Einwilligung (f\u00fcr Marketingzwecke)<\/span><\/p><h2><b>5. Datenaustausch und Dienstanbieter<\/b><\/h2><p><span style=\"font-weight: 400;\">Personenbezogene Daten k\u00f6nnen an vertrauensw\u00fcrdige Dienstleister weitergegeben werden, darunter:<\/span><span style=\"font-weight: 400;\"><br \/><\/span><span style=\"font-weight: 400;\">\u2013 Immobilienverwaltungssystem (OPERA PMS)<\/span><span style=\"font-weight: 400;\"><br \/><\/span><span style=\"font-weight: 400;\">\u2013 Channel Manager (RateGain)<\/span><span style=\"font-weight: 400;\"><br \/><\/span><span style=\"font-weight: 400;\">\u2013 Buchungsmaschinenanbieter<\/span><span style=\"font-weight: 400;\"><br \/><\/span><span style=\"font-weight: 400;\">\u2013 Anbieter f\u00fcr sichere Zahlungsabwicklung<\/span><span style=\"font-weight: 400;\"><br \/><\/span><span style=\"font-weight: 400;\">\u2013 IT- und Hosting-Anbieter<\/span><span style=\"font-weight: 400;\"><br \/><\/span><span style=\"font-weight: 400;\">\u2013 OTA-Vertriebsplattformen<\/span><span style=\"font-weight: 400;\"><br \/><\/span><span style=\"font-weight: 400;\"><br \/><\/span><span style=\"font-weight: 400;\">Alle Partner sind verpflichtet, strenge Datenschutzstandards einzuhalten.<\/span><\/p><h2><b>6. Datenaufbewahrung<\/b><\/h2><p><span style=\"font-weight: 400;\">Personenbezogene Daten werden gespeichert:<\/span><span style=\"font-weight: 400;\"><br \/><\/span><span style=\"font-weight: 400;\">\u2013 F\u00fcr die Dauer, die zur Erf\u00fcllung der Reservierungs- und Serviceverpflichtungen erforderlich ist.<\/span><span style=\"font-weight: 400;\"><br \/><\/span><span style=\"font-weight: 400;\">\u2013 Wie es die Rechnungslegungs- und Rechtsvorschriften vorschreiben<\/span><span style=\"font-weight: 400;\"><br \/><\/span><span style=\"font-weight: 400;\">\u2013 F\u00fcr Marketingzwecke bis zum Widerruf der Einwilligung<\/span><\/p><h2><b>7. Ihre Rechte<\/b><\/h2><p><span style=\"font-weight: 400;\">G\u00e4ste und Website-Nutzer haben das Recht auf:<\/span><span style=\"font-weight: 400;\"><br \/><\/span><span style=\"font-weight: 400;\">\u2013 Zugriff auf ihre pers\u00f6nlichen Daten<\/span><span style=\"font-weight: 400;\"><br \/><\/span><span style=\"font-weight: 400;\">\u2013 Korrektur anfordern<\/span><span style=\"font-weight: 400;\"><br \/><\/span><span style=\"font-weight: 400;\">\u2013 L\u00f6schung beantragen<\/span><span style=\"font-weight: 400;\"><br \/><\/span><span style=\"font-weight: 400;\">\u2013 Verarbeitung einschr\u00e4nken<\/span><span style=\"font-weight: 400;\"><br \/><\/span><span style=\"font-weight: 400;\">\u2013 Einwilligung jederzeit widerrufen<\/span><span style=\"font-weight: 400;\"><br \/><\/span><span style=\"font-weight: 400;\">\u2013 Beschwerde bei einer Aufsichtsbeh\u00f6rde einreichen (f\u00fcr EU-B\u00fcrger)<\/span><span style=\"font-weight: 400;\"><br \/><\/span><span style=\"font-weight: 400;\"><br \/><\/span><span style=\"font-weight: 400;\">Anfragen k\u00f6nnen gerichtet werden an:<\/span><span style=\"font-weight: 400;\"><br \/><\/span><span style=\"font-weight: 400;\">reservations.zanzibar@anayahotelsandresorts.com<\/span><\/p><h2><b>8. Cookies &amp; Website-Tracking<\/b><\/h2><p><span style=\"font-weight: 400;\">Unsere Website verwendet Cookies, um die Benutzerfreundlichkeit zu verbessern und die Website-Performance zu analysieren.<\/span><span style=\"font-weight: 400;\"><br \/><\/span><span style=\"font-weight: 400;\"><br \/><\/span><span style=\"font-weight: 400;\">Wir verwenden:<\/span><span style=\"font-weight: 400;\"><br \/><\/span><span style=\"font-weight: 400;\">\u2013 Essenzielle Cookies (f\u00fcr die Funktionalit\u00e4t der Website erforderlich)<\/span><span style=\"font-weight: 400;\"><br \/><\/span><span style=\"font-weight: 400;\">\u2013 Analyse-Cookies (wie z. B. Google Analytics)<\/span><span style=\"font-weight: 400;\"><br \/><\/span><span style=\"font-weight: 400;\"><br \/><\/span><span style=\"font-weight: 400;\">Nutzer k\u00f6nnen nicht notwendige Cookies \u00fcber unser Cookie-Einwilligungsbanner akzeptieren oder ablehnen.<\/span><\/p><h2><b>9. Datensicherheit<\/b><\/h2><p><span style=\"font-weight: 400;\">Wir setzen geeignete technische und organisatorische Sicherheitsvorkehrungen ein, darunter:<\/span><span style=\"font-weight: 400;\"><br \/><\/span><span style=\"font-weight: 400;\">\u2013 SSL-Verschl\u00fcsselung (HTTPS)<\/span><span style=\"font-weight: 400;\"><br \/><\/span><span style=\"font-weight: 400;\">\u2013 Sichere Zahlungsabwicklung<\/span><span style=\"font-weight: 400;\"><br \/><\/span><span style=\"font-weight: 400;\">\u2013 Eingeschr\u00e4nkter interner Zugriff auf personenbezogene Daten<\/span><span style=\"font-weight: 400;\"><br \/><\/span><span style=\"font-weight: 400;\">\u2013 Regelm\u00e4\u00dfige System\u00fcberwachung<\/span><\/p><h2><b>10. Aktualisierungen der Richtlinien<\/b><\/h2><p><span style=\"font-weight: 400;\">Diese Datenschutzrichtlinie kann regelm\u00e4\u00dfig aktualisiert werden. Die jeweils aktuelle Version wird stets auf unserer Website ver\u00f6ffentlicht.<\/span><\/p>\t\t\t\t\t\t\t\t<\/div>\n\t\t\t\t\t<\/div>\n\t\t<\/div>\n\t\t\t\t\t<\/div>\n\t\t<\/section>\n\t\t\t\t\t<\/div>\n\t\t<\/div>\n\t\t\t\t\t<\/div>\n\t\t<\/section>\n\t\t\t\t<section class=\"elementor-section elementor-top-section elementor-element elementor-element-58c89ae3 elementor-section-boxed elementor-section-height-default elementor-section-height-default\" data-id=\"58c89ae3\" data-element_type=\"section\" data-e-type=\"section\" data-settings=\"{&quot;background_background&quot;:&quot;classic&quot;}\">\n\t\t\t\t\t\t<div class=\"elementor-container elementor-column-gap-default\">\n\t\t\t\t\t<div class=\"elementor-column elementor-col-100 elementor-top-column elementor-element elementor-element-46a55b5a\" data-id=\"46a55b5a\" data-element_type=\"column\" data-e-type=\"column\">\n\t\t\t<div class=\"elementor-widget-wrap elementor-element-populated\">\n\t\t\t\t\t\t<div class=\"elementor-element elementor-element-358205b de_scroll_animation_no elementor-invisible elementor-widget elementor-widget-text-editor\" data-id=\"358205b\" data-element_type=\"widget\" data-e-type=\"widget\" data-settings=\"{&quot;_animation&quot;:&quot;fadeIn&quot;}\" data-widget_type=\"text-editor.default\">\n\t\t\t\t\t\t\t\t\t<p>Newsletter<\/p>\t\t\t\t\t\t\t\t<\/div>\n\t\t\t\t<div class=\"elementor-element elementor-element-77be8f6 de_scroll_animation_no elementor-invisible elementor-widget elementor-widget-heading\" data-id=\"77be8f6\" data-element_type=\"widget\" data-e-type=\"widget\" data-settings=\"{&quot;_animation&quot;:&quot;fadeIn&quot;,&quot;_animation_delay&quot;:200}\" data-widget_type=\"heading.default\">\n\t\t\t\t\t<h2 class=\"elementor-heading-title elementor-size-default\">Abonnieren Sie unseren Newsletter<\/h2>\t\t\t\t<\/div>\n\t\t\t\t<div class=\"elementor-element elementor-element-41cc7ae ekit_wpForms_container-form-button-custom de_scroll_animation_no elementor-invisible elementor-widget elementor-widget-elementskit-wp-forms\" data-id=\"41cc7ae\" data-element_type=\"widget\" data-e-type=\"widget\" data-settings=\"{&quot;_animation&quot;:&quot;fadeIn&quot;,&quot;_animation_delay&quot;:400}\" data-widget_type=\"elementskit-wp-forms.default\">\n\t\t\t\t<div class=\"elementor-widget-container\">\n\t\t\t\t\t<div class=\"ekit-wid-con ekit_wpForms_container\"><\/div>\t\t\t\t<\/div>\n\t\t\t\t<\/div>\n\t\t\t\t\t<\/div>\n\t\t<\/div>\n\t\t\t\t\t<\/div>\n\t\t<\/section>\n\t\t\t\t<\/div>","protected":false},"excerpt":{"rendered":"<p>Privacy Policy Home About Effective Date 16 June 2026 Kappa Senses Zanzibar \u2013 Privacy Policy 1. Data Controller Kappa ZanzibarPwani Mchangani, Zanzibar, TanzaniaEmail: reservations.zanzibar@kappasenses.comTelephone: +255 000000000 2. Information We Collect We may collect personal information including:&#8211; Full name&#8211; Email address&#8211; Telephone number&#8211; Nationality and country of residence&#8211; Reservation and stay details&#8211; Payment information (processed via [&hellip;]<\/p>\n","protected":false},"author":2,"featured_media":0,"parent":0,"menu_order":0,"comment_status":"closed","ping_status":"closed","template":"elementor_header_footer","meta":{"footnotes":""},"class_list":["post-1594","page","type-page","status-publish","hentry"],"yoast_head":"<!-- This site is optimized with the Yoast SEO plugin v27.3 - https:\/\/yoast.com\/product\/yoast-seo-wordpress\/ -->\n<title>Privacy Policy - Kappa Senses<\/title>\n<meta name=\"robots\" content=\"index, follow, max-snippet:-1, max-image-preview:large, max-video-preview:-1\" \/>\n<link rel=\"canonical\" href=\"https:\/\/zanzibar.kappasenses.com\/de\/datenschutzrichtlinie\/\" \/>\n<meta property=\"og:locale\" content=\"de_DE\" \/>\n<meta property=\"og:type\" content=\"article\" \/>\n<meta property=\"og:title\" content=\"Privacy Policy - Kappa Senses\" \/>\n<meta property=\"og:description\" content=\"Privacy Policy Home About Effective Date 16 June 2026 Kappa Senses Zanzibar \u2013 Privacy Policy 1. Data Controller Kappa ZanzibarPwani Mchangani, Zanzibar, TanzaniaEmail: reservations.zanzibar@kappasenses.comTelephone: +255 000000000 2. Information We Collect We may collect personal information including:&#8211; Full name&#8211; Email address&#8211; Telephone number&#8211; Nationality and country of residence&#8211; Reservation and stay details&#8211; Payment information (processed via [&hellip;]\" \/>\n<meta property=\"og:url\" content=\"https:\/\/zanzibar.kappasenses.com\/de\/datenschutzrichtlinie\/\" \/>\n<meta property=\"og:site_name\" content=\"Kappa Senses\" \/>\n<meta property=\"article:publisher\" content=\"https:\/\/www.facebook.com\/p\/Kappa-Senses-Zanzibar-61586539921577\" \/>\n<meta property=\"article:modified_time\" content=\"2026-03-09T05:29:50+00:00\" \/>\n<meta name=\"twitter:card\" content=\"summary_large_image\" \/>\n<script type=\"application\/ld+json\" class=\"yoast-schema-graph\">{\"@context\":\"https:\\\/\\\/schema.org\",\"@graph\":[{\"@type\":\"WebPage\",\"@id\":\"https:\\\/\\\/zanzibar.kappasenses.com\\\/privacy-policy\\\/\",\"url\":\"https:\\\/\\\/zanzibar.kappasenses.com\\\/privacy-policy\\\/\",\"name\":\"Privacy Policy - Kappa Senses\",\"isPartOf\":{\"@id\":\"https:\\\/\\\/zanzibar.kappasenses.com\\\/#website\"},\"datePublished\":\"2026-02-15T20:32:36+00:00\",\"dateModified\":\"2026-03-09T05:29:50+00:00\",\"breadcrumb\":{\"@id\":\"https:\\\/\\\/zanzibar.kappasenses.com\\\/privacy-policy\\\/#breadcrumb\"},\"inLanguage\":\"de\",\"potentialAction\":[{\"@type\":\"ReadAction\",\"target\":[\"https:\\\/\\\/zanzibar.kappasenses.com\\\/privacy-policy\\\/\"]}]},{\"@type\":\"BreadcrumbList\",\"@id\":\"https:\\\/\\\/zanzibar.kappasenses.com\\\/privacy-policy\\\/#breadcrumb\",\"itemListElement\":[{\"@type\":\"ListItem\",\"position\":1,\"name\":\"Home\",\"item\":\"https:\\\/\\\/zanzibar.kappasenses.com\\\/\"},{\"@type\":\"ListItem\",\"position\":2,\"name\":\"Privacy Policy\"}]},{\"@type\":\"WebSite\",\"@id\":\"https:\\\/\\\/zanzibar.kappasenses.com\\\/#website\",\"url\":\"https:\\\/\\\/zanzibar.kappasenses.com\\\/\",\"name\":\"Kappa Senses Zanzibar\",\"description\":\"\",\"publisher\":{\"@id\":\"https:\\\/\\\/zanzibar.kappasenses.com\\\/#organization\"},\"potentialAction\":[{\"@type\":\"SearchAction\",\"target\":{\"@type\":\"EntryPoint\",\"urlTemplate\":\"https:\\\/\\\/zanzibar.kappasenses.com\\\/?s={search_term_string}\"},\"query-input\":{\"@type\":\"PropertyValueSpecification\",\"valueRequired\":true,\"valueName\":\"search_term_string\"}}],\"inLanguage\":\"de\"},{\"@type\":\"Organization\",\"@id\":\"https:\\\/\\\/zanzibar.kappasenses.com\\\/#organization\",\"name\":\"Kappa Senses Zanzibar 5* Hotel\",\"alternateName\":\"Kappa Senses Zanzibar\",\"url\":\"https:\\\/\\\/zanzibar.kappasenses.com\\\/\",\"logo\":{\"@type\":\"ImageObject\",\"inLanguage\":\"de\",\"@id\":\"https:\\\/\\\/zanzibar.kappasenses.com\\\/#\\\/schema\\\/logo\\\/image\\\/\",\"url\":\"https:\\\/\\\/zanzibar.kappasenses.com\\\/wp-content\\\/uploads\\\/2026\\\/01\\\/logo_kappa_senses_z.png\",\"contentUrl\":\"https:\\\/\\\/zanzibar.kappasenses.com\\\/wp-content\\\/uploads\\\/2026\\\/01\\\/logo_kappa_senses_z.png\",\"width\":1601,\"height\":1421,\"caption\":\"Kappa Senses Zanzibar 5* Hotel\"},\"image\":{\"@id\":\"https:\\\/\\\/zanzibar.kappasenses.com\\\/#\\\/schema\\\/logo\\\/image\\\/\"},\"sameAs\":[\"https:\\\/\\\/www.facebook.com\\\/p\\\/Kappa-Senses-Zanzibar-61586539921577\"]}]}<\/script>\n<!-- \/ Yoast SEO plugin. -->","yoast_head_json":{"title":"Datenschutzrichtlinie \u2013 Kappa Senses","robots":{"index":"index","follow":"follow","max-snippet":"max-snippet:-1","max-image-preview":"max-image-preview:large","max-video-preview":"max-video-preview:-1"},"canonical":"https:\/\/zanzibar.kappasenses.com\/de\/datenschutzrichtlinie\/","og_locale":"de_DE","og_type":"article","og_title":"Privacy Policy - Kappa Senses","og_description":"Privacy Policy Home About Effective Date 16 June 2026 Kappa Senses Zanzibar \u2013 Privacy Policy 1. Data Controller Kappa ZanzibarPwani Mchangani, Zanzibar, TanzaniaEmail: reservations.zanzibar@kappasenses.comTelephone: +255 000000000 2. Information We Collect We may collect personal information including:&#8211; Full name&#8211; Email address&#8211; Telephone number&#8211; Nationality and country of residence&#8211; Reservation and stay details&#8211; Payment information (processed via [&hellip;]","og_url":"https:\/\/zanzibar.kappasenses.com\/de\/datenschutzrichtlinie\/","og_site_name":"Kappa Senses","article_publisher":"https:\/\/www.facebook.com\/p\/Kappa-Senses-Zanzibar-61586539921577","article_modified_time":"2026-03-09T05:29:50+00:00","twitter_card":"summary_large_image","schema":{"@context":"https:\/\/schema.org","@graph":[{"@type":"WebPage","@id":"https:\/\/zanzibar.kappasenses.com\/privacy-policy\/","url":"https:\/\/zanzibar.kappasenses.com\/privacy-policy\/","name":"Datenschutzrichtlinie \u2013 Kappa Senses","isPartOf":{"@id":"https:\/\/zanzibar.kappasenses.com\/#website"},"datePublished":"2026-02-15T20:32:36+00:00","dateModified":"2026-03-09T05:29:50+00:00","breadcrumb":{"@id":"https:\/\/zanzibar.kappasenses.com\/privacy-policy\/#breadcrumb"},"inLanguage":"de","potentialAction":[{"@type":"ReadAction","target":["https:\/\/zanzibar.kappasenses.com\/privacy-policy\/"]}]},{"@type":"BreadcrumbList","@id":"https:\/\/zanzibar.kappasenses.com\/privacy-policy\/#breadcrumb","itemListElement":[{"@type":"ListItem","position":1,"name":"Home","item":"https:\/\/zanzibar.kappasenses.com\/"},{"@type":"ListItem","position":2,"name":"Privacy Policy"}]},{"@type":"WebSite","@id":"https:\/\/zanzibar.kappasenses.com\/#website","url":"https:\/\/zanzibar.kappasenses.com\/","name":"Kappa Senses Sansibar","description":"","publisher":{"@id":"https:\/\/zanzibar.kappasenses.com\/#organization"},"potentialAction":[{"@type":"SearchAction","target":{"@type":"EntryPoint","urlTemplate":"https:\/\/zanzibar.kappasenses.com\/?s={search_term_string}"},"query-input":{"@type":"PropertyValueSpecification","valueRequired":true,"valueName":"search_term_string"}}],"inLanguage":"de"},{"@type":"Organization","@id":"https:\/\/zanzibar.kappasenses.com\/#organization","name":"Kappa Senses Zanzibar 5* Hotel","alternateName":"Kappa Senses Zanzibar","url":"https:\/\/zanzibar.kappasenses.com\/","logo":{"@type":"ImageObject","inLanguage":"de","@id":"https:\/\/zanzibar.kappasenses.com\/#\/schema\/logo\/image\/","url":"https:\/\/zanzibar.kappasenses.com\/wp-content\/uploads\/2026\/01\/logo_kappa_senses_z.png","contentUrl":"https:\/\/zanzibar.kappasenses.com\/wp-content\/uploads\/2026\/01\/logo_kappa_senses_z.png","width":1601,"height":1421,"caption":"Kappa Senses Zanzibar 5* Hotel"},"image":{"@id":"https:\/\/zanzibar.kappasenses.com\/#\/schema\/logo\/image\/"},"sameAs":["https:\/\/www.facebook.com\/p\/Kappa-Senses-Zanzibar-61586539921577"]}]}},"_links":{"self":[{"href":"https:\/\/zanzibar.kappasenses.com\/de\/wp-json\/wp\/v2\/pages\/1594","targetHints":{"allow":["GET"]}}],"collection":[{"href":"https:\/\/zanzibar.kappasenses.com\/de\/wp-json\/wp\/v2\/pages"}],"about":[{"href":"https:\/\/zanzibar.kappasenses.com\/de\/wp-json\/wp\/v2\/types\/page"}],"author":[{"embeddable":true,"href":"https:\/\/zanzibar.kappasenses.com\/de\/wp-json\/wp\/v2\/users\/2"}],"replies":[{"embeddable":true,"href":"https:\/\/zanzibar.kappasenses.com\/de\/wp-json\/wp\/v2\/comments?post=1594"}],"version-history":[{"count":5,"href":"https:\/\/zanzibar.kappasenses.com\/de\/wp-json\/wp\/v2\/pages\/1594\/revisions"}],"predecessor-version":[{"id":3580,"href":"https:\/\/zanzibar.kappasenses.com\/de\/wp-json\/wp\/v2\/pages\/1594\/revisions\/3580"}],"wp:attachment":[{"href":"https:\/\/zanzibar.kappasenses.com\/de\/wp-json\/wp\/v2\/media?parent=1594"}],"curies":[{"name":"wp","href":"https:\/\/api.w.org\/{rel}","templated":true}]}}